{"id":3467,"date":"2018-09-26T23:24:20","date_gmt":"2018-09-26T23:24:20","guid":{"rendered":"https:\/\/qubis.gr\/ueber-uns\/"},"modified":"2018-09-26T23:24:21","modified_gmt":"2018-09-26T23:24:21","slug":"ueber-uns","status":"publish","type":"page","link":"https:\/\/qubis.gr\/de\/ueber-uns\/","title":{"rendered":"\u00dcber uns"},"content":{"rendered":"<p>[et_pb_section bb_built=&#8220;1&#8243; admin_label=&#8220;section&#8220; fullwidth=&#8220;on&#8220; specialty=&#8220;off&#8220; inner_shadow=&#8220;off&#8220; parallax=&#8220;off&#8220; next_background_color=&#8220;#000000&#8243;][et_pb_fullwidth_header admin_label=&#8220;Fullwidth Header&#8220; background_layout=&#8220;light&#8220; text_orientation=&#8220;right&#8220; header_fullscreen=&#8220;off&#8220; header_scroll_down=&#8220;on&#8220; scroll_down_icon=&#8220;%%4%%&#8220; background_url=&#8220;https:\/\/qubis.gr\/\/wp-content\/uploads\/2017\/03\/grey_back.jpg&#8220; parallax=&#8220;off&#8220; parallax_method=&#8220;off&#8220; content_orientation=&#8220;center&#8220; header_image_url=&#8220;https:\/\/qubis.gr\/wp-content\/uploads\/2017\/04\/about_us_logo.png&#8220; image_orientation=&#8220;center&#8220; custom_button_one=&#8220;off&#8220; button_one_letter_spacing=&#8220;0&#8243; button_one_use_icon=&#8220;default&#8220; button_one_icon_placement=&#8220;right&#8220; button_one_on_hover=&#8220;off&#8220; button_one_letter_spacing_hover=&#8220;0&#8243; custom_button_two=&#8220;off&#8220; button_two_letter_spacing=&#8220;0&#8243; button_two_use_icon=&#8220;default&#8220; button_two_icon_placement=&#8220;right&#8220; button_two_on_hover=&#8220;on&#8220; button_two_letter_spacing_hover=&#8220;0&#8243; title=&#8220;Bei Qubis machen wir den Erfolg unserer Kunden zu &quot;unserer pers\u00f6nlichen Angelegenheit&quot;&#8220; module_class=&#8220;inner_page_header&#8220; button_one_text_color=&#8220;#333333&#8243; button_one_icon_color=&#8220;#333333&#8243; scroll_down_icon_color=&#8220;#333333&#8243; scroll_down_icon_size=&#8220;36px&#8220; title_font_size=&#8220;26px&#8220; background_image=&#8220;https:\/\/qubis.gr\/\/wp-content\/uploads\/2017\/03\/grey_back.jpg&#8220; content_max_width=&#8220;100%&#8220; background_color=&#8220;rgba(255, 255, 255, 0)&#8220;]<\/p>\n<p>Qubis bietet Ihnen umfassende Dienstleistungen f\u00fcr eine professionelle Pr\u00e4senz im Internet. Wir sind neben Ihnen, um Sie der Welt des Internets n\u00e4her zu bringen.<\/p>\n<p>[\/et_pb_fullwidth_header][\/et_pb_section][et_pb_section bb_built=&#8220;1&#8243; admin_label=&#8220;section&#8220; specialty=&#8220;off&#8220; background_color=&#8220;#ffffff&#8220; inner_shadow=&#8220;on&#8220; parallax_method=&#8220;off&#8220; custom_padding=&#8220;20px||20px|&#8220; prev_background_color=&#8220;#000000&#8243; next_background_color=&#8220;#eeeeee&#8220; _builder_version=&#8220;3.13&#8243;][et_pb_row admin_label=&#8220;row&#8220; make_fullwidth=&#8220;off&#8220; use_custom_width=&#8220;off&#8220; width_unit=&#8220;on&#8220; use_custom_gutter=&#8220;off&#8220; custom_padding=&#8220;0px||0px|&#8220; allow_player_pause=&#8220;off&#8220; parallax=&#8220;off&#8220; parallax_method=&#8220;off&#8220; make_equal=&#8220;off&#8220; parallax_1=&#8220;off&#8220; parallax_method_1=&#8220;off&#8220; background_position=&#8220;top_left&#8220; background_repeat=&#8220;repeat&#8220; background_size=&#8220;initial&#8220;][et_pb_column type=&#8220;4_4&#8243;][et_pb_text admin_label=&#8220;Text&#8220; text_orientation=&#8220;center&#8220; use_border_color=&#8220;off&#8220; background_position=&#8220;top_left&#8220; background_repeat=&#8220;repeat&#8220; background_size=&#8220;initial&#8220; module_alignment=&#8220;center&#8220; _builder_version=&#8220;3.13&#8243;]<\/p>\n<h2>\u00dcber uns<\/h2>\n<p>[\/et_pb_text][et_pb_text admin_label=&#8220;Text&#8220; text_orientation=&#8220;justified&#8220; use_border_color=&#8220;off&#8220; border_color=&#8220;#ffffff&#8220; border_style=&#8220;solid&#8220; background_position=&#8220;top_left&#8220; background_repeat=&#8220;repeat&#8220; background_size=&#8220;initial&#8220; _builder_version=&#8220;3.13&#8243;]<\/p>\n<p>Das Internet ist ein globales Informationssystem und erm\u00f6glicht dem Benutzer einen einfachen Zugang zu allen Informationen. Stellen Sie sich das Internet als eine riesige Stadt vor, mit zahlreichen Adressen, Webseiten.<\/p>\n<p><strong>Wie m\u00f6chten Sie das Ihre Webseite in diesem riesigen Kommunikationsnetzwerk Ihre eigene sein soll?<\/strong><\/p>\n<p><strong>Wie wird Sie hervorstechen, wie wird Sie Kunden anziehen Sie \u00fcberzeugen?<\/strong><\/p>\n<p><strong>Qubis<\/strong>\u00a0spezialisiert sich auf Internet und IT-Dienstleistungen, \u00fcberwacht technologische Entwicklungen und integriert diese an Ihre Anwendung\u00a0 entsprechend Ihren Bed\u00fcrfnissen. Qubis verf\u00fcgt \u00fcber Mitarbeiter, die <strong>qualitativ hochwertige Dienstleistungen<\/strong> erbringen k\u00f6nnen. Sie richtet sich an alle Unternehmen, die das Potenzial von Internet und Online-Promotion nutzen wollen und es zu einem der wichtigsten Werkzeuge ihres Gesch\u00e4fts machen wollen.<\/p>\n<p>Mit kundenorientiertem Ansatz, <strong>Untersuchung und Analyse<\/strong> Ihrer Bed\u00fcrfnisse hebt Qubis die spezifischen Merkmale und Ziele jedes Unternehmens hervor, um die bestm\u00f6gliche Rendite zu erzielen und den Gewinn zu maximieren.<\/p>\n<p>Wir k\u00f6nnen Ihre Website entwerfen und den dynamischen Teil davon entwickeln (Online-Verkauf, Content-Management, Website-Abonnements, etc.). Wir bieten Ihnen professionelles Hosting, Domain-Namen-Registrierung, <strong>Suchmaschinenoptimierung <\/strong>und\u00a0Social Media Marketing (Facebook, Twitter, Google +, LinkedIn). Wir entwickeln auch mobile Apps f\u00fcr den optimalen Einsatz von Technologie zu Ihrem Vorteil.<\/p>\n<p><img loading=\"lazy\" class=\"alignright wp-image-3338\" style=\"margin-left: 40px; margin-bottom: 20px; border-radius: 5px;\" src=\"https:\/\/qubis.gr\/wp-content\/uploads\/2018\/09\/qubis_founder.jpg\" alt=\"\u0393\u03b9\u03ce\u03c1\u03b3\u03bf\u03c2 \u039a\u03b1\u03c6\u03c4\u03ac\u03ba\u03b7\u03c2 \u03b9\u03b4\u03c1\u03c5\u03c4\u03ae\u03c2 \u03c4\u03b7\u03c2 Qubis\" width=\"217\" height=\"251\" srcset=\"https:\/\/qubis.gr\/wp-content\/uploads\/2018\/09\/qubis_founder.jpg 400w, https:\/\/qubis.gr\/wp-content\/uploads\/2018\/09\/qubis_founder-260x300.jpg 260w\" sizes=\"(max-width: 217px) 100vw, 217px\" \/><\/p>\n<p>Georgios (Georg) Kaftakis wurde in N\u00fcrnberg geboren und ist dort aufgewachsen. Nach seinem Abschluss absolvierte er das Institut f\u00fcr Informatik der Universit\u00e4t von Kreta. Im Jahr 2008 gr\u00fcndete er Qubis, nachdem er bereits eine Menge Programmiererfahrung, aber haupts\u00e4chlich in Webanwendungen gesammelt hatte. Als Anbieter von qualitativ hochwertigen Webdiensten hat er es geschafft, ein erfahrenes Team von Webentwicklern, Grafikdesignern und Internetmarketingspezialisten zu bilden, die alle zusammen diese Dienste anbieten. Qubis bietet eine breite Palette von Online-Anwendungen. Georgios hat langj\u00e4hrige Kooperationen in Europa und Amerika aufgebaut. Insbesondere hat er mehrere gro\u00dfe Projekte aus Deutschland, der Schweiz, \u00d6sterreich, dem Vereinigten K\u00f6nigreich und Amerika \u00fcbernommen.<\/p>\n<p>&nbsp;<\/p>\n<p>&nbsp;<\/p>\n<p>F\u00fcr weitere Informationen oder andere Fragen k\u00f6nnen Sie uns <a href=\"\/?page_id=3303\">kontaktieren<\/a>, indem Sie das Kontaktformular ausf\u00fcllen oder direkt an <a href=\"mailto:info@qubis.gr\">info@qubis.gr<\/a>\u00a0eine Email senden.<\/p>\n<p>Wenn Sie ein finanzielles Angebot f\u00fcr Ihre Website w\u00fcnschen, k\u00f6nnen Sie <a href=\"\/?page_id=3414\">hier<\/a> danach fragen.<\/p>\n<p>&nbsp;<\/p>\n<p>&nbsp;<\/p>\n<blockquote><p>Guter Service ist es, den Kunden das zu bieten, was sie erwarten.<br \/>\nExzellenter Service ist das Vergn\u00fcgen, Kunden mehr zu bieten, als sie erwarten.<\/p><\/blockquote>\n<p>[\/et_pb_text][\/et_pb_column][\/et_pb_row][\/et_pb_section][et_pb_section bb_built=&#8220;1&#8243; fullwidth=&#8220;on&#8220; specialty=&#8220;off&#8220; _builder_version=&#8220;3.0.106&#8243; background_color=&#8220;#eeeeee&#8220; prev_background_color=&#8220;#ffffff&#8220; next_background_color=&#8220;#000000&#8243; global_module=&#8220;2520&#8243;][et_pb_fullwidth_portfolio global_parent=&#8220;2520&#8243; _builder_version=&#8220;3.0.106&#8243; posts_number=&#8220;12&#8243; show_title=&#8220;off&#8220; show_date=&#8220;off&#8220; fullwidth=&#8220;on&#8220; zoom_icon_color=&#8220;#f89829&#8243; hover_overlay_color=&#8220;rgba(255,255,255,0.9)&#8220; background_layout=&#8220;light&#8220; portfolio_header_font_size_tablet=&#8220;51&#8243; portfolio_header_line_height_tablet=&#8220;2&#8243; title=&#8220;Entdecke Arbeiten von Qubis&#8220; title_line_height=&#8220;28px&#8220; title_font_size=&#8220;17&#8243; title_font=&#8220;|600|||||||&#8220; title_text_align=&#8220;center&#8220; module_alignment=&#8220;center&#8220; hover_icon=&#8220;%%47%%&#8220; background_color=&#8220;rgba(255, 255, 255, 0)&#8220; \/][\/et_pb_section][et_pb_section bb_built=&#8220;1&#8243; admin_label=&#8220;Section&#8220; fullwidth=&#8220;off&#8220; specialty=&#8220;off&#8220; parallax_method=&#8220;off&#8220; custom_padding=&#8220;10px||0px|&#8220; background_color=&#8220;#eeeeee&#8220; _builder_version=&#8220;3.0.106&#8243; prev_background_color=&#8220;#000000&#8243; next_background_color=&#8220;#f89829&#8243; global_module=&#8220;2139&#8243;][et_pb_row admin_label=&#8220;Row&#8220; global_parent=&#8220;2139&#8243; make_fullwidth=&#8220;on&#8220; custom_padding=&#8220;0px|||&#8220; parallax_method=&#8220;off&#8220; parallax_method_1=&#8220;off&#8220; background_position=&#8220;top_left&#8220; background_repeat=&#8220;repeat&#8220; background_size=&#8220;initial&#8220; _builder_version=&#8220;3.0.106&#8243; module_alignment=&#8220;center&#8220; gutter_width=&#8220;2&#8243;][et_pb_column type=&#8220;4_4&#8243;][et_pb_button admin_label=&#8220;Button&#8220; global_parent=&#8220;2139&#8243; url_new_window=&#8220;off&#8220; button_text=&#8220;Alle Arbeiten&#8220; button_alignment=&#8220;center&#8220; background_layout=&#8220;light&#8220; custom_button=&#8220;on&#8220; button_letter_spacing=&#8220;0&#8243; button_use_icon=&#8220;default&#8220; button_icon_placement=&#8220;right&#8220; button_on_hover=&#8220;off&#8220; button_letter_spacing_hover=&#8220;0&#8243; button_text_color=&#8220;#333333&#8243; button_border_color=&#8220;#333333&#8243; button_border_radius=&#8220;5&#8243; button_icon=&#8220;%%261%%&#8220; button_icon_color=&#8220;#333333&#8243; button_text_color_hover=&#8220;#333333&#8243; button_bg_color_hover=&#8220;#f89829&#8243; button_border_color_hover=&#8220;#333333&#8243; button_border_radius_hover=&#8220;5&#8243; button_text_size=&#8220;16&#8243; button_url=&#8220;\/?page_id=1749&#8243; _builder_version=&#8220;3.0.106&#8243;]<\/p>\n<p>&nbsp;<\/p>\n<p>[\/et_pb_button][\/et_pb_column][\/et_pb_row][\/et_pb_section][et_pb_section bb_built=&#8220;1&#8243; admin_label=&#8220;section&#8220; fullwidth=&#8220;off&#8220; specialty=&#8220;off&#8220; inner_shadow=&#8220;on&#8220; parallax=&#8220;off&#8220; transparent_background=&#8220;off&#8220; background_color=&#8220;#f89829&#8243; allow_player_pause=&#8220;off&#8220; parallax_method=&#8220;off&#8220; make_fullwidth=&#8220;off&#8220; use_custom_width=&#8220;off&#8220; width_unit=&#8220;on&#8220; make_equal=&#8220;off&#8220; use_custom_gutter=&#8220;off&#8220; custom_padding=&#8220;10px||10px|&#8220; prev_background_color=&#8220;#eeeeee&#8220; global_module=&#8220;1110&#8243;][et_pb_row admin_label=&#8220;row&#8220; global_parent=&#8220;1110&#8243; custom_padding=&#8220;40px||40px|&#8220; parallax_method=&#8220;off&#8220; parallax_method_1=&#8220;off&#8220; background_position=&#8220;top_left&#8220; background_repeat=&#8220;repeat&#8220; background_size=&#8220;initial&#8220; _builder_version=&#8220;3.0.106&#8243;][et_pb_column type=&#8220;4_4&#8243;][et_pb_cta global_parent=&#8220;1110&#8243; _builder_version=&#8220;3.0.106&#8243; title=&#8220;Entdecke Qubis&#8220; url_new_window=&#8220;off&#8220; use_background_color=&#8220;off&#8220; background_layout=&#8220;dark&#8220; custom_button=&#8220;on&#8220; button_icon_placement=&#8220;right&#8220; button_text=&#8220;Kontaktieren Sie uns&#8220; button_url=&#8220;https:\/\/qubis.gr\/de\/kontakt\/&#8220; body_text_color=&#8220;#333333&#8243; custom_css_promo_button=&#8220;margin-top:20px;&#8220; custom_css_promo_title=&#8220;margin-bottom:20px;&#8220; button_text_color=&#8220;#333333&#8243; button_border_color=&#8220;#333333&#8243; button_border_radius=&#8220;5&#8243; button_icon=&#8220;%%109%%&#8220; button_icon_color=&#8220;#333333&#8243; button_on_hover=&#8220;off&#8220; button_text_color_hover=&#8220;#333333&#8243; button_bg_color_hover=&#8220;rgba(255,255,255,0.7)&#8220; button_border_radius_hover=&#8220;5&#8243; button_text_size=&#8220;16&#8243;]<\/p>\n<p>Wenn Sie Fragen haben, wenn Sie eine Klarstellung\u00a0 ben\u00f6tigen oder wenn Sie einfach m\u00f6chten uns eine Nachricht zu senden.<\/p>\n<p>[\/et_pb_cta][\/et_pb_column][\/et_pb_row][\/et_pb_section]<\/p>\n<span class=\"et_bloom_bottom_trigger\"><\/span>","protected":false},"excerpt":{"rendered":"<p>[et_pb_section bb_built=&#8220;1&#8243; admin_label=&#8220;section&#8220; fullwidth=&#8220;on&#8220; specialty=&#8220;off&#8220; inner_shadow=&#8220;off&#8220; parallax=&#8220;off&#8220; next_background_color=&#8220;#000000&#8243;][et_pb_fullwidth_header admin_label=&#8220;Fullwidth Header&#8220; background_layout=&#8220;light&#8220; text_orientation=&#8220;right&#8220; header_fullscreen=&#8220;off&#8220; header_scroll_down=&#8220;on&#8220; scroll_down_icon=&#8220;%%4%%&#8220; background_url=&#8220;https:\/\/qubis.gr\/\/wp-content\/uploads\/2017\/03\/grey_back.jpg&#8220; parallax=&#8220;off&#8220; parallax_method=&#8220;off&#8220; content_orientation=&#8220;center&#8220; header_image_url=&#8220;https:\/\/qubis.gr\/wp-content\/uploads\/2017\/04\/about_us_logo.png&#8220; image_orientation=&#8220;center&#8220; custom_button_one=&#8220;off&#8220; button_one_letter_spacing=&#8220;0&#8243; button_one_use_icon=&#8220;default&#8220; button_one_icon_placement=&#8220;right&#8220; button_one_on_hover=&#8220;off&#8220; button_one_letter_spacing_hover=&#8220;0&#8243; custom_button_two=&#8220;off&#8220; button_two_letter_spacing=&#8220;0&#8243; button_two_use_icon=&#8220;default&#8220; button_two_icon_placement=&#8220;right&#8220; button_two_on_hover=&#8220;on&#8220; button_two_letter_spacing_hover=&#8220;0&#8243; title=&#8220;Bei Qubis machen wir den Erfolg unserer Kunden zu &quot;unserer pers\u00f6nlichen Angelegenheit&quot;&#8220; module_class=&#8220;inner_page_header&#8220; button_one_text_color=&#8220;#333333&#8243; button_one_icon_color=&#8220;#333333&#8243; scroll_down_icon_color=&#8220;#333333&#8243; scroll_down_icon_size=&#8220;36px&#8220; title_font_size=&#8220;26px&#8220; background_image=&#8220;https:\/\/qubis.gr\/\/wp-content\/uploads\/2017\/03\/grey_back.jpg&#8220; content_max_width=&#8220;100%&#8220; background_color=&#8220;rgba(255, 255, [&hellip;]<\/p>\n","protected":false},"author":1,"featured_media":0,"parent":0,"menu_order":0,"comment_status":"closed","ping_status":"closed","template":"","meta":{"_et_pb_use_builder":"on","_et_pb_old_content":""},"yoast_head":"<!-- This site is optimized with the Yoast SEO plugin v17.1 - https:\/\/yoast.com\/wordpress\/plugins\/seo\/ -->\n<title>\u00dcber uns - Spezialisierte Internetdienste von Qubis<\/title>\n<meta name=\"description\" content=\"Qubis studiert, analysiert, entwirft und fertigt komplette Webanwendungen f\u00fcr Sie und Ihr Unternehmen.\" \/>\n<meta name=\"robots\" content=\"index, follow, max-snippet:-1, max-image-preview:large, max-video-preview:-1\" \/>\n<link rel=\"canonical\" href=\"https:\/\/qubis.gr\/de\/ueber-uns\/\" \/>\n<meta property=\"og:locale\" content=\"de_DE\" \/>\n<meta property=\"og:type\" content=\"article\" \/>\n<meta property=\"og:title\" content=\"\u00dcber uns - Spezialisierte Internetdienste von Qubis\" \/>\n<meta property=\"og:description\" content=\"Qubis studiert, analysiert, entwirft und fertigt komplette Webanwendungen f\u00fcr Sie und Ihr Unternehmen.\" \/>\n<meta property=\"og:url\" content=\"https:\/\/qubis.gr\/de\/ueber-uns\/\" \/>\n<meta property=\"og:site_name\" content=\"Qubis\" \/>\n<meta property=\"article:modified_time\" content=\"2018-09-26T23:24:21+00:00\" \/>\n<meta property=\"og:image\" content=\"https:\/\/qubis.gr\/wp-content\/uploads\/2018\/09\/qubis_founder.jpg\" \/>\n<meta name=\"twitter:card\" content=\"summary\" \/>\n<meta name=\"twitter:label1\" content=\"Gesch\u00e4tzte Lesezeit\" \/>\n\t<meta name=\"twitter:data1\" content=\"6\u00a0Minuten\" \/>\n<script type=\"application\/ld+json\" class=\"yoast-schema-graph\">{\"@context\":\"https:\/\/schema.org\",\"@graph\":[{\"@type\":\"WebSite\",\"@id\":\"https:\/\/qubis.gr\/#website\",\"url\":\"https:\/\/qubis.gr\/\",\"name\":\"Qubis\",\"description\":\"Just another WordPress site\",\"potentialAction\":[{\"@type\":\"SearchAction\",\"target\":{\"@type\":\"EntryPoint\",\"urlTemplate\":\"https:\/\/qubis.gr\/?s={search_term_string}\"},\"query-input\":\"required name=search_term_string\"}],\"inLanguage\":\"de\"},{\"@type\":\"ImageObject\",\"@id\":\"https:\/\/qubis.gr\/de\/ueber-uns\/#primaryimage\",\"inLanguage\":\"de\",\"url\":\"https:\/\/qubis.gr\/wp-content\/uploads\/2018\/09\/qubis_founder.jpg\",\"contentUrl\":\"https:\/\/qubis.gr\/wp-content\/uploads\/2018\/09\/qubis_founder.jpg\",\"width\":400,\"height\":462},{\"@type\":\"WebPage\",\"@id\":\"https:\/\/qubis.gr\/de\/ueber-uns\/#webpage\",\"url\":\"https:\/\/qubis.gr\/de\/ueber-uns\/\",\"name\":\"\\u00dcber uns - Spezialisierte Internetdienste von Qubis\",\"isPartOf\":{\"@id\":\"https:\/\/qubis.gr\/#website\"},\"primaryImageOfPage\":{\"@id\":\"https:\/\/qubis.gr\/de\/ueber-uns\/#primaryimage\"},\"datePublished\":\"2018-09-26T23:24:20+00:00\",\"dateModified\":\"2018-09-26T23:24:21+00:00\",\"description\":\"Qubis studiert, analysiert, entwirft und fertigt komplette Webanwendungen f\\u00fcr Sie und Ihr Unternehmen.\",\"breadcrumb\":{\"@id\":\"https:\/\/qubis.gr\/de\/ueber-uns\/#breadcrumb\"},\"inLanguage\":\"de\",\"potentialAction\":[{\"@type\":\"ReadAction\",\"target\":[\"https:\/\/qubis.gr\/de\/ueber-uns\/\"]}]},{\"@type\":\"BreadcrumbList\",\"@id\":\"https:\/\/qubis.gr\/de\/ueber-uns\/#breadcrumb\",\"itemListElement\":[{\"@type\":\"ListItem\",\"position\":1,\"name\":\"Home\",\"item\":\"https:\/\/qubis.gr\/de\/\"},{\"@type\":\"ListItem\",\"position\":2,\"name\":\"\\u00dcber uns\"}]}]}<\/script>\n<!-- \/ Yoast SEO plugin. -->","yoast_head_json":{"title":"\u00dcber uns - Spezialisierte Internetdienste von Qubis","description":"Qubis studiert, analysiert, entwirft und fertigt komplette Webanwendungen f\u00fcr Sie und Ihr Unternehmen.","robots":{"index":"index","follow":"follow","max-snippet":"max-snippet:-1","max-image-preview":"max-image-preview:large","max-video-preview":"max-video-preview:-1"},"canonical":"https:\/\/qubis.gr\/de\/ueber-uns\/","og_locale":"de_DE","og_type":"article","og_title":"\u00dcber uns - Spezialisierte Internetdienste von Qubis","og_description":"Qubis studiert, analysiert, entwirft und fertigt komplette Webanwendungen f\u00fcr Sie und Ihr Unternehmen.","og_url":"https:\/\/qubis.gr\/de\/ueber-uns\/","og_site_name":"Qubis","article_modified_time":"2018-09-26T23:24:21+00:00","og_image":[{"url":"https:\/\/qubis.gr\/wp-content\/uploads\/2018\/09\/qubis_founder.jpg"}],"twitter_card":"summary","twitter_misc":{"Gesch\u00e4tzte Lesezeit":"6\u00a0Minuten"},"schema":{"@context":"https:\/\/schema.org","@graph":[{"@type":"WebSite","@id":"https:\/\/qubis.gr\/#website","url":"https:\/\/qubis.gr\/","name":"Qubis","description":"Just another WordPress site","potentialAction":[{"@type":"SearchAction","target":{"@type":"EntryPoint","urlTemplate":"https:\/\/qubis.gr\/?s={search_term_string}"},"query-input":"required name=search_term_string"}],"inLanguage":"de"},{"@type":"ImageObject","@id":"https:\/\/qubis.gr\/de\/ueber-uns\/#primaryimage","inLanguage":"de","url":"https:\/\/qubis.gr\/wp-content\/uploads\/2018\/09\/qubis_founder.jpg","contentUrl":"https:\/\/qubis.gr\/wp-content\/uploads\/2018\/09\/qubis_founder.jpg","width":400,"height":462},{"@type":"WebPage","@id":"https:\/\/qubis.gr\/de\/ueber-uns\/#webpage","url":"https:\/\/qubis.gr\/de\/ueber-uns\/","name":"\u00dcber uns - Spezialisierte Internetdienste von Qubis","isPartOf":{"@id":"https:\/\/qubis.gr\/#website"},"primaryImageOfPage":{"@id":"https:\/\/qubis.gr\/de\/ueber-uns\/#primaryimage"},"datePublished":"2018-09-26T23:24:20+00:00","dateModified":"2018-09-26T23:24:21+00:00","description":"Qubis studiert, analysiert, entwirft und fertigt komplette Webanwendungen f\u00fcr Sie und Ihr Unternehmen.","breadcrumb":{"@id":"https:\/\/qubis.gr\/de\/ueber-uns\/#breadcrumb"},"inLanguage":"de","potentialAction":[{"@type":"ReadAction","target":["https:\/\/qubis.gr\/de\/ueber-uns\/"]}]},{"@type":"BreadcrumbList","@id":"https:\/\/qubis.gr\/de\/ueber-uns\/#breadcrumb","itemListElement":[{"@type":"ListItem","position":1,"name":"Home","item":"https:\/\/qubis.gr\/de\/"},{"@type":"ListItem","position":2,"name":"\u00dcber uns"}]}]}},"_links":{"self":[{"href":"https:\/\/qubis.gr\/de\/wp-json\/wp\/v2\/pages\/3467"}],"collection":[{"href":"https:\/\/qubis.gr\/de\/wp-json\/wp\/v2\/pages"}],"about":[{"href":"https:\/\/qubis.gr\/de\/wp-json\/wp\/v2\/types\/page"}],"author":[{"embeddable":true,"href":"https:\/\/qubis.gr\/de\/wp-json\/wp\/v2\/users\/1"}],"replies":[{"embeddable":true,"href":"https:\/\/qubis.gr\/de\/wp-json\/wp\/v2\/comments?post=3467"}],"version-history":[{"count":1,"href":"https:\/\/qubis.gr\/de\/wp-json\/wp\/v2\/pages\/3467\/revisions"}],"predecessor-version":[{"id":3468,"href":"https:\/\/qubis.gr\/de\/wp-json\/wp\/v2\/pages\/3467\/revisions\/3468"}],"wp:attachment":[{"href":"https:\/\/qubis.gr\/de\/wp-json\/wp\/v2\/media?parent=3467"}],"curies":[{"name":"wp","href":"https:\/\/api.w.org\/{rel}","templated":true}]}}