{"id":3422,"date":"2018-09-23T23:54:54","date_gmt":"2018-09-23T23:54:54","guid":{"rendered":"https:\/\/qubis.gr\/dienstleistungen\/social-media-marketing\/"},"modified":"2019-02-03T19:01:26","modified_gmt":"2019-02-03T19:01:26","slug":"social-media-marketing","status":"publish","type":"page","link":"https:\/\/qubis.gr\/de\/dienstleistungen\/social-media-marketing\/","title":{"rendered":"Social Media Marketing"},"content":{"rendered":"<p>[et_pb_section fb_built=&#8220;1&#8243; fullwidth=&#8220;on&#8220; admin_label=&#8220;section&#8220; _builder_version=&#8220;3.0.74&#8243; transparent_background=&#8220;off&#8220;][et_pb_fullwidth_header title=&#8220;Social Media Marketing&#8220; text_orientation=&#8220;right&#8220; header_scroll_down=&#8220;on&#8220; scroll_down_icon=&#8220;%%4%%&#8220; scroll_down_icon_color=&#8220;#333333&#8243; scroll_down_icon_size=&#8220;36px&#8220; header_image_url=&#8220;https:\/\/qubis.gr\/wp-content\/uploads\/2017\/11\/social-media-marketing.png&#8220; admin_label=&#8220;Fullwidth Header&#8220; module_class=&#8220;inner_page_header&#8220; _builder_version=&#8220;3.16&#8243; title_font_size=&#8220;26px&#8220; background_color=&#8220;rgba(255, 255, 255, 0)&#8220; background_image=&#8220;https:\/\/qubis.gr\/\/wp-content\/uploads\/2017\/03\/grey_back.jpg&#8220; button_one_icon_color=&#8220;#333333&#8243; button_one_on_hover=&#8220;off&#8220; background_layout=&#8220;light&#8220; max_width_tablet=&#8220;50px&#8220; button_one_text_size__hover_enabled=&#8220;off&#8220; button_two_text_size__hover_enabled=&#8220;off&#8220; button_one_text_color__hover_enabled=&#8220;off&#8220; button_two_text_color__hover_enabled=&#8220;off&#8220; button_one_border_width__hover_enabled=&#8220;off&#8220; button_two_border_width__hover_enabled=&#8220;off&#8220; button_one_border_color__hover_enabled=&#8220;off&#8220; button_two_border_color__hover_enabled=&#8220;off&#8220; button_one_border_radius__hover_enabled=&#8220;off&#8220; button_two_border_radius__hover_enabled=&#8220;off&#8220; button_one_letter_spacing__hover_enabled=&#8220;off&#8220; button_two_letter_spacing__hover_enabled=&#8220;off&#8220; button_one_bg_color__hover_enabled=&#8220;off&#8220; button_two_bg_color__hover_enabled=&#8220;off&#8220;]Soziale Netzwerke traten im unserem Leben sehr Stark ein. Sie geben uns nicht nur Spa\u00df, Freunde und Bekannte zu finden, sondern haben auch eine gro\u00dfartige Gelegenheit, unser Gesch\u00e4ft einem breiteren Publikum zu pr\u00e4sentieren. Aus diesem Grund bietet Qubis Ihnen komplette Social Media Marketing Dienstleistungen an.<br \/>\n[\/et_pb_fullwidth_header][\/et_pb_section][et_pb_section fb_built=&#8220;1&#8243; admin_label=&#8220;section&#8220; module_class=&#8220;service_blurb&#8220; _builder_version=&#8220;3.0.74&#8243; transparent_background=&#8220;off&#8220;][et_pb_row custom_padding=&#8220;0px|||&#8220; parallax_method_1=&#8220;off&#8220; admin_label=&#8220;row&#8220; _builder_version=&#8220;3.0.47&#8243; background_size=&#8220;initial&#8220; background_position=&#8220;top_left&#8220; background_repeat=&#8220;repeat&#8220;][et_pb_column type=&#8220;4_4&#8243; _builder_version=&#8220;3.0.47&#8243; parallax=&#8220;off&#8220; parallax_method=&#8220;off&#8220;][et_pb_text _builder_version=&#8220;3.19.11&#8243;]<\/p>\n<h2 style=\"text-align: center;\">F\u00f6rdern Sie Ihr Unternehmen in den sozialen Medien<\/h2>\n<p>[\/et_pb_text][\/et_pb_column][\/et_pb_row][et_pb_row admin_label=&#8220;row&#8220; _builder_version=&#8220;3.0.47&#8243; background_size=&#8220;initial&#8220; background_position=&#8220;top_left&#8220; background_repeat=&#8220;repeat&#8220;][et_pb_column type=&#8220;4_4&#8243; _builder_version=&#8220;3.0.47&#8243; parallax=&#8220;off&#8220; parallax_method=&#8220;on&#8220;][et_pb_text admin_label=&#8220;Text&#8220; _builder_version=&#8220;3.0.87&#8243; background_size=&#8220;initial&#8220; background_position=&#8220;top_left&#8220; background_repeat=&#8220;repeat&#8220; text_orientation=&#8220;justified&#8220; use_border_color=&#8220;off&#8220; border_color=&#8220;#ffffff&#8220; border_style=&#8220;solid&#8220;]<strong>Qubis<\/strong> bietet Ihnen umfassende Dienste f\u00fcr die Anzeige und F\u00f6rderung Ihres Unternehmens in <strong>sozialen Netzwerken<\/strong> wie Facebook, Twitter und Google +. <strong>Qubis<\/strong> bietet Ihnen neben der Erstellung eines integrierten Profils f\u00fcr Ihr Social Media-Gesch\u00e4ft eine relevante Analyse der Traffic, den Ihr Profil auf diesen Medien hat.<\/p>\n<p>Zus\u00e4tzlich zu Ihrer vollst\u00e4ndigen Social Network Profil k\u00f6nnen Sie mit Qubis Werbung ausrichten. Wir geben Ihnen Tipps zu Ihren Social-Media-Posts und \u00fcbernehmen die <strong>vollst\u00e4ndige Verwaltung<\/strong> Ihres Gesch\u00e4ftsprofils.<br \/>\n[\/et_pb_text][\/et_pb_column][\/et_pb_row][\/et_pb_section][et_pb_section fb_built=&#8220;1&#8243; fullwidth=&#8220;on&#8220; _builder_version=&#8220;3.0.106&#8243; background_color=&#8220;#f3f3f3&#8243; global_module=&#8220;2520&#8243;][et_pb_fullwidth_portfolio title=&#8220;Entdecke Arbeiten von Qubis&#8220; posts_number=&#8220;12&#8243; show_title=&#8220;off&#8220; show_date=&#8220;off&#8220; zoom_icon_color=&#8220;#f89829&#8243; hover_icon=&#8220;%%47%%&#8220; _builder_version=&#8220;3.0.106&#8243; portfolio_header_font_size_tablet=&#8220;51&#8243; portfolio_header_line_height_tablet=&#8220;2&#8243; title_font=&#8220;|600|||||||&#8220; title_text_align=&#8220;center&#8220; title_font_size=&#8220;17&#8243; title_line_height=&#8220;28px&#8220; background_color=&#8220;rgba(255, 255, 255, 0)&#8220; module_alignment=&#8220;center&#8220;][\/et_pb_fullwidth_portfolio][\/et_pb_section][et_pb_section fb_built=&#8220;1&#8243; admin_label=&#8220;Section&#8220; _builder_version=&#8220;3.19.5&#8243; background_color=&#8220;#f3f3f3&#8243; custom_padding=&#8220;10px||0px|&#8220; global_module=&#8220;2139&#8243;][et_pb_row make_fullwidth=&#8220;on&#8220; custom_padding=&#8220;0px|||&#8220; parallax_method_1=&#8220;off&#8220; _builder_version=&#8220;3.0.106&#8243; background_size=&#8220;initial&#8220; background_position=&#8220;top_left&#8220; background_repeat=&#8220;repeat&#8220; module_alignment=&#8220;center&#8220;][et_pb_column type=&#8220;4_4&#8243; _builder_version=&#8220;3.0.47&#8243; parallax=&#8220;off&#8220; parallax_method=&#8220;off&#8220;][et_pb_button button_url=&#8220;https:\/\/qubis.gr\/de\/unsere-projekte\/&#8220; button_text=&#8220;Alle arbeiten&#8220; button_alignment=&#8220;center&#8220; _builder_version=&#8220;3.17.2&#8243; custom_button=&#8220;on&#8220; button_text_size=&#8220;16&#8243; button_text_color=&#8220;#333333&#8243; button_border_color=&#8220;#333333&#8243; button_border_radius=&#8220;5&#8243; button_icon=&#8220;%%261%%&#8220; button_icon_color=&#8220;#333333&#8243; button_on_hover=&#8220;off&#8220; button_text_size__hover_enabled=&#8220;off&#8220; button_text_size__hover=&#8220;null&#8220; button_one_text_size__hover_enabled=&#8220;off&#8220; button_one_text_size__hover=&#8220;null&#8220; button_two_text_size__hover_enabled=&#8220;off&#8220; button_two_text_size__hover=&#8220;null&#8220; button_text_color__hover_enabled=&#8220;on&#8220; button_text_color__hover=&#8220;#333333&#8243; button_one_text_color__hover_enabled=&#8220;off&#8220; button_one_text_color__hover=&#8220;null&#8220; button_two_text_color__hover_enabled=&#8220;off&#8220; button_two_text_color__hover=&#8220;null&#8220; button_border_width__hover_enabled=&#8220;off&#8220; button_border_width__hover=&#8220;null&#8220; button_one_border_width__hover_enabled=&#8220;off&#8220; button_one_border_width__hover=&#8220;null&#8220; button_two_border_width__hover_enabled=&#8220;off&#8220; button_two_border_width__hover=&#8220;null&#8220; button_border_color__hover_enabled=&#8220;off&#8220; button_border_color__hover=&#8220;null&#8220; button_one_border_color__hover_enabled=&#8220;off&#8220; button_one_border_color__hover=&#8220;null&#8220; button_two_border_color__hover_enabled=&#8220;off&#8220; button_two_border_color__hover=&#8220;null&#8220; button_border_radius__hover_enabled=&#8220;on&#8220; button_border_radius__hover=&#8220;5&#8243; button_one_border_radius__hover_enabled=&#8220;off&#8220; button_one_border_radius__hover=&#8220;null&#8220; button_two_border_radius__hover_enabled=&#8220;off&#8220; button_two_border_radius__hover=&#8220;null&#8220; button_letter_spacing__hover_enabled=&#8220;off&#8220; button_letter_spacing__hover=&#8220;null&#8220; button_one_letter_spacing__hover_enabled=&#8220;off&#8220; button_one_letter_spacing__hover=&#8220;null&#8220; button_two_letter_spacing__hover_enabled=&#8220;off&#8220; button_two_letter_spacing__hover=&#8220;null&#8220; button_bg_color__hover_enabled=&#8220;on&#8220; button_bg_color__hover=&#8220;#f89829&#8243; button_one_bg_color__hover_enabled=&#8220;off&#8220; button_one_bg_color__hover=&#8220;null&#8220; button_two_bg_color__hover_enabled=&#8220;off&#8220; button_two_bg_color__hover=&#8220;null&#8220;][\/et_pb_button][\/et_pb_column][\/et_pb_row][\/et_pb_section][et_pb_section fb_built=&#8220;1&#8243; inner_shadow=&#8220;on&#8220; admin_label=&#8220;Portfolio Button Section&#8220; _builder_version=&#8220;3.19.11&#8243; background_color=&#8220;#f89829&#8243; custom_padding=&#8220;10px||10px|&#8220; transparent_background=&#8220;off&#8220; global_module=&#8220;1110&#8243;][et_pb_row custom_padding=&#8220;40px||40px|&#8220; parallax_method_1=&#8220;off&#8220; admin_label=&#8220;row&#8220; _builder_version=&#8220;3.0.106&#8243; background_size=&#8220;initial&#8220; background_position=&#8220;top_left&#8220; background_repeat=&#8220;repeat&#8220;][et_pb_column type=&#8220;4_4&#8243; _builder_version=&#8220;3.0.47&#8243; parallax=&#8220;off&#8220; parallax_method=&#8220;off&#8220;][et_pb_cta title=&#8220;Entdecke Qubis&#8220; button_url=&#8220;https:\/\/qubis.gr\/de\/kontakt\/&#8220; button_text=&#8220;Kontaktieren Sie uns&#8220; _builder_version=&#8220;3.16&#8243; body_text_color=&#8220;#333333&#8243; use_background_color=&#8220;off&#8220; custom_button=&#8220;on&#8220; button_text_size=&#8220;16&#8243; button_text_color=&#8220;#333333&#8243; button_border_color=&#8220;#333333&#8243; button_border_radius=&#8220;5&#8243; button_icon=&#8220;%%109%%&#8220; button_icon_color=&#8220;#333333&#8243; button_on_hover=&#8220;off&#8220; custom_css_promo_button=&#8220;margin-top:20px;&#8220; custom_css_promo_title=&#8220;margin-bottom:20px;&#8220; button_text_color_hover=&#8220;#333333&#8243; button_border_radius_hover=&#8220;5&#8243; button_bg_color_hover=&#8220;rgba(255,255,255,0.7)&#8220; button_text_size__hover_enabled=&#8220;off&#8220; button_text_size__hover=&#8220;null&#8220; button_one_text_size__hover_enabled=&#8220;off&#8220; button_one_text_size__hover=&#8220;null&#8220; button_two_text_size__hover_enabled=&#8220;off&#8220; button_two_text_size__hover=&#8220;null&#8220; button_text_color__hover_enabled=&#8220;on&#8220; button_text_color__hover=&#8220;#333333&#8243; button_one_text_color__hover_enabled=&#8220;off&#8220; button_one_text_color__hover=&#8220;null&#8220; button_two_text_color__hover_enabled=&#8220;off&#8220; button_two_text_color__hover=&#8220;null&#8220; button_border_width__hover_enabled=&#8220;off&#8220; button_border_width__hover=&#8220;null&#8220; button_one_border_width__hover_enabled=&#8220;off&#8220; button_one_border_width__hover=&#8220;null&#8220; button_two_border_width__hover_enabled=&#8220;off&#8220; button_two_border_width__hover=&#8220;null&#8220; button_border_color__hover_enabled=&#8220;off&#8220; button_border_color__hover=&#8220;null&#8220; button_one_border_color__hover_enabled=&#8220;off&#8220; button_one_border_color__hover=&#8220;null&#8220; button_two_border_color__hover_enabled=&#8220;off&#8220; button_two_border_color__hover=&#8220;null&#8220; button_border_radius__hover_enabled=&#8220;on&#8220; button_border_radius__hover=&#8220;5&#8243; button_one_border_radius__hover_enabled=&#8220;off&#8220; button_one_border_radius__hover=&#8220;null&#8220; button_two_border_radius__hover_enabled=&#8220;off&#8220; button_two_border_radius__hover=&#8220;null&#8220; button_letter_spacing__hover_enabled=&#8220;off&#8220; button_letter_spacing__hover=&#8220;null&#8220; button_one_letter_spacing__hover_enabled=&#8220;off&#8220; button_one_letter_spacing__hover=&#8220;null&#8220; button_two_letter_spacing__hover_enabled=&#8220;off&#8220; button_two_letter_spacing__hover=&#8220;null&#8220; button_bg_color__hover_enabled=&#8220;on&#8220; button_bg_color__hover=&#8220;rgba(255,255,255,0.7)&#8220; button_one_bg_color__hover_enabled=&#8220;off&#8220; button_one_bg_color__hover=&#8220;null&#8220; button_two_bg_color__hover_enabled=&#8220;off&#8220; button_two_bg_color__hover=&#8220;null&#8220;]Wenn Sie Fragen haben, wenn Sie eine Klarstellung\u00a0 ben\u00f6tigen oder wenn Sie einfach m\u00f6chten uns eine Nachricht zu senden.[\/et_pb_cta][\/et_pb_column][\/et_pb_row][\/et_pb_section]<\/p>\n<span class=\"et_bloom_bottom_trigger\"><\/span>","protected":false},"excerpt":{"rendered":"<p>[et_pb_section fb_built=&#8220;1&#8243; fullwidth=&#8220;on&#8220; admin_label=&#8220;section&#8220; _builder_version=&#8220;3.0.74&#8243; transparent_background=&#8220;off&#8220;][et_pb_fullwidth_header title=&#8220;Social Media Marketing&#8220; text_orientation=&#8220;right&#8220; header_scroll_down=&#8220;on&#8220; scroll_down_icon=&#8220;%%4%%&#8220; scroll_down_icon_color=&#8220;#333333&#8243; scroll_down_icon_size=&#8220;36px&#8220; header_image_url=&#8220;https:\/\/qubis.gr\/wp-content\/uploads\/2017\/11\/social-media-marketing.png&#8220; admin_label=&#8220;Fullwidth Header&#8220; module_class=&#8220;inner_page_header&#8220; _builder_version=&#8220;3.16&#8243; title_font_size=&#8220;26px&#8220; background_color=&#8220;rgba(255, 255, 255, 0)&#8220; background_image=&#8220;https:\/\/qubis.gr\/\/wp-content\/uploads\/2017\/03\/grey_back.jpg&#8220; button_one_icon_color=&#8220;#333333&#8243; button_one_on_hover=&#8220;off&#8220; background_layout=&#8220;light&#8220; max_width_tablet=&#8220;50px&#8220; button_one_text_size__hover_enabled=&#8220;off&#8220; button_two_text_size__hover_enabled=&#8220;off&#8220; button_one_text_color__hover_enabled=&#8220;off&#8220; button_two_text_color__hover_enabled=&#8220;off&#8220; button_one_border_width__hover_enabled=&#8220;off&#8220; button_two_border_width__hover_enabled=&#8220;off&#8220; button_one_border_color__hover_enabled=&#8220;off&#8220; button_two_border_color__hover_enabled=&#8220;off&#8220; button_one_border_radius__hover_enabled=&#8220;off&#8220; button_two_border_radius__hover_enabled=&#8220;off&#8220; button_one_letter_spacing__hover_enabled=&#8220;off&#8220; button_two_letter_spacing__hover_enabled=&#8220;off&#8220; button_one_bg_color__hover_enabled=&#8220;off&#8220; button_two_bg_color__hover_enabled=&#8220;off&#8220;]Soziale Netzwerke traten im unserem Leben sehr Stark ein. Sie geben uns nicht [&hellip;]<\/p>\n","protected":false},"author":1,"featured_media":0,"parent":3362,"menu_order":0,"comment_status":"closed","ping_status":"closed","template":"","meta":{"_et_pb_use_builder":"on","_et_pb_old_content":""},"yoast_head":"<!-- This site is optimized with the Yoast SEO plugin v17.1 - https:\/\/yoast.com\/wordpress\/plugins\/seo\/ -->\n<title>Social Media Marketing - f\u00fcr optimale Sichtbarkeit Ihres Unternehmens<\/title>\n<meta name=\"description\" content=\"Komplettes Social Media Marketing von Qubis zur Optimierung Ihrer Social-Media-Pr\u00e4senz.\" \/>\n<meta name=\"robots\" content=\"index, follow, max-snippet:-1, max-image-preview:large, max-video-preview:-1\" \/>\n<link rel=\"canonical\" href=\"https:\/\/qubis.gr\/de\/dienstleistungen\/social-media-marketing\/\" \/>\n<meta property=\"og:locale\" content=\"de_DE\" \/>\n<meta property=\"og:type\" content=\"article\" \/>\n<meta property=\"og:title\" content=\"Social Media Marketing - f\u00fcr optimale Sichtbarkeit Ihres Unternehmens\" \/>\n<meta property=\"og:description\" content=\"Komplettes Social Media Marketing von Qubis zur Optimierung Ihrer Social-Media-Pr\u00e4senz.\" \/>\n<meta property=\"og:url\" content=\"https:\/\/qubis.gr\/de\/dienstleistungen\/social-media-marketing\/\" \/>\n<meta property=\"og:site_name\" content=\"Qubis\" \/>\n<meta property=\"article:modified_time\" content=\"2019-02-03T19:01:26+00:00\" \/>\n<meta name=\"twitter:card\" content=\"summary\" \/>\n<meta name=\"twitter:label1\" content=\"Gesch\u00e4tzte Lesezeit\" \/>\n\t<meta name=\"twitter:data1\" content=\"7\u00a0Minuten\" \/>\n<script type=\"application\/ld+json\" class=\"yoast-schema-graph\">{\"@context\":\"https:\/\/schema.org\",\"@graph\":[{\"@type\":\"WebSite\",\"@id\":\"https:\/\/qubis.gr\/#website\",\"url\":\"https:\/\/qubis.gr\/\",\"name\":\"Qubis\",\"description\":\"Just another WordPress site\",\"potentialAction\":[{\"@type\":\"SearchAction\",\"target\":{\"@type\":\"EntryPoint\",\"urlTemplate\":\"https:\/\/qubis.gr\/?s={search_term_string}\"},\"query-input\":\"required name=search_term_string\"}],\"inLanguage\":\"de\"},{\"@type\":\"WebPage\",\"@id\":\"https:\/\/qubis.gr\/de\/dienstleistungen\/social-media-marketing\/#webpage\",\"url\":\"https:\/\/qubis.gr\/de\/dienstleistungen\/social-media-marketing\/\",\"name\":\"Social Media Marketing - f\\u00fcr optimale Sichtbarkeit Ihres Unternehmens\",\"isPartOf\":{\"@id\":\"https:\/\/qubis.gr\/#website\"},\"datePublished\":\"2018-09-23T23:54:54+00:00\",\"dateModified\":\"2019-02-03T19:01:26+00:00\",\"description\":\"Komplettes Social Media Marketing von Qubis zur Optimierung Ihrer Social-Media-Pr\\u00e4senz.\",\"breadcrumb\":{\"@id\":\"https:\/\/qubis.gr\/de\/dienstleistungen\/social-media-marketing\/#breadcrumb\"},\"inLanguage\":\"de\",\"potentialAction\":[{\"@type\":\"ReadAction\",\"target\":[\"https:\/\/qubis.gr\/de\/dienstleistungen\/social-media-marketing\/\"]}]},{\"@type\":\"BreadcrumbList\",\"@id\":\"https:\/\/qubis.gr\/de\/dienstleistungen\/social-media-marketing\/#breadcrumb\",\"itemListElement\":[{\"@type\":\"ListItem\",\"position\":1,\"name\":\"Home\",\"item\":\"https:\/\/qubis.gr\/de\/\"},{\"@type\":\"ListItem\",\"position\":2,\"name\":\"Dienstleistungen\",\"item\":\"https:\/\/qubis.gr\/de\/dienstleistungen\/\"},{\"@type\":\"ListItem\",\"position\":3,\"name\":\"Social Media Marketing\"}]}]}<\/script>\n<!-- \/ Yoast SEO plugin. -->","yoast_head_json":{"title":"Social Media Marketing - f\u00fcr optimale Sichtbarkeit Ihres Unternehmens","description":"Komplettes Social Media Marketing von Qubis zur Optimierung Ihrer Social-Media-Pr\u00e4senz.","robots":{"index":"index","follow":"follow","max-snippet":"max-snippet:-1","max-image-preview":"max-image-preview:large","max-video-preview":"max-video-preview:-1"},"canonical":"https:\/\/qubis.gr\/de\/dienstleistungen\/social-media-marketing\/","og_locale":"de_DE","og_type":"article","og_title":"Social Media Marketing - f\u00fcr optimale Sichtbarkeit Ihres Unternehmens","og_description":"Komplettes Social Media Marketing von Qubis zur Optimierung Ihrer Social-Media-Pr\u00e4senz.","og_url":"https:\/\/qubis.gr\/de\/dienstleistungen\/social-media-marketing\/","og_site_name":"Qubis","article_modified_time":"2019-02-03T19:01:26+00:00","twitter_card":"summary","twitter_misc":{"Gesch\u00e4tzte Lesezeit":"7\u00a0Minuten"},"schema":{"@context":"https:\/\/schema.org","@graph":[{"@type":"WebSite","@id":"https:\/\/qubis.gr\/#website","url":"https:\/\/qubis.gr\/","name":"Qubis","description":"Just another WordPress site","potentialAction":[{"@type":"SearchAction","target":{"@type":"EntryPoint","urlTemplate":"https:\/\/qubis.gr\/?s={search_term_string}"},"query-input":"required name=search_term_string"}],"inLanguage":"de"},{"@type":"WebPage","@id":"https:\/\/qubis.gr\/de\/dienstleistungen\/social-media-marketing\/#webpage","url":"https:\/\/qubis.gr\/de\/dienstleistungen\/social-media-marketing\/","name":"Social Media Marketing - f\u00fcr optimale Sichtbarkeit Ihres Unternehmens","isPartOf":{"@id":"https:\/\/qubis.gr\/#website"},"datePublished":"2018-09-23T23:54:54+00:00","dateModified":"2019-02-03T19:01:26+00:00","description":"Komplettes Social Media Marketing von Qubis zur Optimierung Ihrer Social-Media-Pr\u00e4senz.","breadcrumb":{"@id":"https:\/\/qubis.gr\/de\/dienstleistungen\/social-media-marketing\/#breadcrumb"},"inLanguage":"de","potentialAction":[{"@type":"ReadAction","target":["https:\/\/qubis.gr\/de\/dienstleistungen\/social-media-marketing\/"]}]},{"@type":"BreadcrumbList","@id":"https:\/\/qubis.gr\/de\/dienstleistungen\/social-media-marketing\/#breadcrumb","itemListElement":[{"@type":"ListItem","position":1,"name":"Home","item":"https:\/\/qubis.gr\/de\/"},{"@type":"ListItem","position":2,"name":"Dienstleistungen","item":"https:\/\/qubis.gr\/de\/dienstleistungen\/"},{"@type":"ListItem","position":3,"name":"Social Media Marketing"}]}]}},"_links":{"self":[{"href":"https:\/\/qubis.gr\/de\/wp-json\/wp\/v2\/pages\/3422"}],"collection":[{"href":"https:\/\/qubis.gr\/de\/wp-json\/wp\/v2\/pages"}],"about":[{"href":"https:\/\/qubis.gr\/de\/wp-json\/wp\/v2\/types\/page"}],"author":[{"embeddable":true,"href":"https:\/\/qubis.gr\/de\/wp-json\/wp\/v2\/users\/1"}],"replies":[{"embeddable":true,"href":"https:\/\/qubis.gr\/de\/wp-json\/wp\/v2\/comments?post=3422"}],"version-history":[{"count":3,"href":"https:\/\/qubis.gr\/de\/wp-json\/wp\/v2\/pages\/3422\/revisions"}],"predecessor-version":[{"id":3901,"href":"https:\/\/qubis.gr\/de\/wp-json\/wp\/v2\/pages\/3422\/revisions\/3901"}],"up":[{"embeddable":true,"href":"https:\/\/qubis.gr\/de\/wp-json\/wp\/v2\/pages\/3362"}],"wp:attachment":[{"href":"https:\/\/qubis.gr\/de\/wp-json\/wp\/v2\/media?parent=3422"}],"curies":[{"name":"wp","href":"https:\/\/api.w.org\/{rel}","templated":true}]}}